{"id":2,"date":"2024-01-21T15:43:32","date_gmt":"2024-01-21T20:43:32","guid":{"rendered":"http:\/\/vp-tech.ca\/?page_id=2"},"modified":"2024-09-26T10:27:10","modified_gmt":"2024-09-26T14:27:10","slug":"page-d-exemple","status":"publish","type":"page","link":"http:\/\/vp-tech.ca\/?page_id=2","title":{"rendered":"Mes services"},"content":{"rendered":"\n<hr class=\"wp-block-separator has-alpha-channel-opacity is-style-wide\"\/>\n\n\n\n<div class=\"wp-block-columns is-layout-flex wp-container-core-columns-is-layout-9d6595d7 wp-block-columns-is-layout-flex\">\n<div class=\"wp-block-column is-layout-flow wp-block-column-is-layout-flow\">\n<figure class=\"wp-block-image size-full\"><img loading=\"lazy\" decoding=\"async\" width=\"1200\" height=\"900\" src=\"http:\/\/vp-tech.ca\/wp-content\/uploads\/2024\/01\/outils-de-diagnostic-materiel-1200x900-1.webp\" alt=\"\" class=\"wp-image-77\"\/><\/figure>\n<\/div>\n\n\n\n<div class=\"wp-block-column is-layout-flow wp-block-column-is-layout-flow\">\n<p><strong>Diagnostique<\/strong><\/p>\n\n\n\n<p>\u00c0 partir de 25$<\/p>\n\n\n\n<p><\/p>\n\n\n\n<p>*le montant sera rembours\u00e9 si les r\u00e9parations sont entreprises<\/p>\n<\/div>\n<\/div>\n\n\n\n<div class=\"wp-block-columns is-layout-flex wp-container-core-columns-is-layout-9d6595d7 wp-block-columns-is-layout-flex\">\n<div class=\"wp-block-column is-layout-flow wp-block-column-is-layout-flow\">\n<hr class=\"wp-block-separator has-alpha-channel-opacity is-style-wide\"\/>\n\n\n\n<div class=\"wp-block-columns is-layout-flex wp-container-core-columns-is-layout-9d6595d7 wp-block-columns-is-layout-flex\">\n<div class=\"wp-block-column is-layout-flow wp-block-column-is-layout-flow\">\n<figure class=\"wp-block-image size-full\"><img loading=\"lazy\" decoding=\"async\" width=\"1987\" height=\"1200\" src=\"http:\/\/vp-tech.ca\/wp-content\/uploads\/2024\/01\/windows-10-design-2020-3.webp\" alt=\"\" class=\"wp-image-76\"\/><\/figure>\n<\/div>\n\n\n\n<div class=\"wp-block-column is-layout-flow wp-block-column-is-layout-flow\">\n<p><strong>Configuration d&rsquo;un nouvel appareil<\/strong><\/p>\n\n\n\n<p>\u00c0 partir de 50$<\/p>\n\n\n\n<ul class=\"wp-block-list\">\n<li>Configuration du syst\u00e8me d&rsquo;exploitation<\/li>\n\n\n\n<li>Mise \u00e0 jour du syst\u00e8me<\/li>\n\n\n\n<li>Installation des logiciels de votre choix<\/li>\n\n\n\n<li>Optimisation du syst\u00e8me<\/li>\n<\/ul>\n<\/div>\n<\/div>\n<\/div>\n<\/div>\n\n\n\n<hr class=\"wp-block-separator has-alpha-channel-opacity is-style-wide\"\/>\n\n\n\n<div class=\"wp-block-columns is-layout-flex wp-container-core-columns-is-layout-9d6595d7 wp-block-columns-is-layout-flex\">\n<div class=\"wp-block-column is-layout-flow wp-block-column-is-layout-flow\"><div class=\"wp-block-image\">\n<figure class=\"aligncenter size-full is-resized\"><img loading=\"lazy\" decoding=\"async\" width=\"600\" height=\"726\" src=\"http:\/\/vp-tech.ca\/wp-content\/uploads\/2024\/01\/windows-11-professionnel-pro-professional-64-bits.jpg\" alt=\"\" class=\"wp-image-73\" style=\"width:198px;height:auto\"\/><\/figure>\n<\/div><\/div>\n\n\n\n<div class=\"wp-block-column is-layout-flow wp-block-column-is-layout-flow\">\n<p class=\"has-text-align-left\"><strong>Installation de syt\u00e8me d&rsquo;exploitation<\/strong><\/p>\n\n\n\n<p class=\"has-text-align-left\">\u00c0 partir de 65$<\/p>\n\n\n\n<ul class=\"wp-block-list\">\n<li>Installation du syst\u00e8me d&rsquo;exploitation<\/li>\n\n\n\n<li>Configuration du syst\u00e8me d&rsquo;exploitation<\/li>\n\n\n\n<li>Mise \u00e0 jour du syst\u00e8me<\/li>\n\n\n\n<li>Installation des logiciels de votre choix<\/li>\n\n\n\n<li>Optimisation du syst\u00e8me<\/li>\n<\/ul>\n<\/div>\n<\/div>\n\n\n\n<hr class=\"wp-block-separator has-alpha-channel-opacity is-style-wide\"\/>\n\n\n\n<div class=\"wp-block-columns is-layout-flex wp-container-core-columns-is-layout-9d6595d7 wp-block-columns-is-layout-flex\">\n<div class=\"wp-block-column is-layout-flow wp-block-column-is-layout-flow\">\n<figure class=\"wp-block-image size-full\"><img loading=\"lazy\" decoding=\"async\" width=\"640\" height=\"360\" src=\"http:\/\/vp-tech.ca\/wp-content\/uploads\/2024\/01\/thumbnail-1.jpg\" alt=\"\" class=\"wp-image-75\"\/><\/figure>\n<\/div>\n\n\n\n<div class=\"wp-block-column is-layout-flow wp-block-column-is-layout-flow\">\n<p><strong>Transfert de donn\u00e9es<\/strong><\/p>\n\n\n\n<p>\u00c0 partir de 15$<\/p>\n\n\n\n<ul class=\"wp-block-list\">\n<li>Transfert de donn\u00e9es d&rsquo;un appareil \u00e0 un autre<\/li>\n<\/ul>\n<\/div>\n<\/div>\n\n\n\n<hr class=\"wp-block-separator has-alpha-channel-opacity is-style-wide\"\/>\n\n\n\n<div class=\"wp-block-columns is-layout-flex wp-container-core-columns-is-layout-9d6595d7 wp-block-columns-is-layout-flex\">\n<div class=\"wp-block-column is-layout-flow wp-block-column-is-layout-flow\">\n<figure class=\"wp-block-image size-full\"><img loading=\"lazy\" decoding=\"async\" width=\"3472\" height=\"3472\" src=\"http:\/\/vp-tech.ca\/wp-content\/uploads\/2024\/01\/342696.d5c91e142f4528aa8a2a86ee92d0be64.jpg\" alt=\"\" class=\"wp-image-79\"\/><\/figure>\n<\/div>\n\n\n\n<div class=\"wp-block-column is-layout-flow wp-block-column-is-layout-flow\">\n<p><strong>Assemblage d&rsquo;un ordinateur sur mesure<\/strong><\/p>\n\n\n\n<p>\u00c0 partir de 80$<\/p>\n\n\n\n<ul class=\"wp-block-list\">\n<li>Cibler les besoins d&rsquo;utilisation<\/li>\n\n\n\n<li>Assemblage complet de l&rsquo;ordinateur<\/li>\n\n\n\n<li>Installation du syst\u00e8me d&rsquo;exploitation<\/li>\n\n\n\n<li>Installation des logiciels de votre choix<\/li>\n\n\n\n<li>Configuration du syst\u00e8me<\/li>\n\n\n\n<li>Mise \u00e0 jour du syst\u00e8me<\/li>\n\n\n\n<li>Optimisation du syst\u00e8me<\/li>\n<\/ul>\n<\/div>\n<\/div>\n\n\n\n<hr class=\"wp-block-separator has-alpha-channel-opacity is-style-wide\"\/>\n\n\n\n<div class=\"wp-block-columns is-layout-flex wp-container-core-columns-is-layout-9d6595d7 wp-block-columns-is-layout-flex\">\n<div class=\"wp-block-column is-layout-flow wp-block-column-is-layout-flow\">\n<figure class=\"wp-block-image size-full\"><img loading=\"lazy\" decoding=\"async\" width=\"1086\" height=\"679\" src=\"http:\/\/vp-tech.ca\/wp-content\/uploads\/2024\/01\/maintenance-informatique-ordinateur-reparateur-1086x679-1.jpg\" alt=\"\" class=\"wp-image-81\"\/><\/figure>\n<\/div>\n\n\n\n<div class=\"wp-block-column is-layout-flow wp-block-column-is-layout-flow\">\n<p><strong>R\u00e9paration\/remplacement de pi\u00e8ces<\/strong><\/p>\n\n\n\n<p>co\u00fbt initial de 20$<\/p>\n\n\n\n<p>Taux horaire : 35$\/h<\/p>\n<\/div>\n<\/div>\n\n\n\n<hr class=\"wp-block-separator has-alpha-channel-opacity is-style-wide\"\/>\n\n\n\n<div class=\"wp-block-columns is-layout-flex wp-container-core-columns-is-layout-9d6595d7 wp-block-columns-is-layout-flex\">\n<div class=\"wp-block-column is-layout-flow wp-block-column-is-layout-flow\">\n<div class=\"wp-block-columns is-layout-flex wp-container-core-columns-is-layout-9d6595d7 wp-block-columns-is-layout-flex\">\n<div class=\"wp-block-column is-layout-flow wp-block-column-is-layout-flow\">\n<figure class=\"wp-block-image size-full\"><img loading=\"lazy\" decoding=\"async\" width=\"2048\" height=\"1365\" src=\"http:\/\/vp-tech.ca\/wp-content\/uploads\/2024\/03\/wifi-router-2048px-4639.jpg\" alt=\"\" class=\"wp-image-191\"\/><\/figure>\n<\/div>\n\n\n\n<div class=\"wp-block-column is-layout-flow wp-block-column-is-layout-flow\">\n<p><strong>Configuration de routeur<\/strong><\/p>\n\n\n\n<p>\u00c0 partir de 20$<\/p>\n\n\n\n<ul class=\"wp-block-list\">\n<li>Configurartion du r\u00e9seau et mot de passe<\/li>\n\n\n\n<li>Configuration de pare-feu<\/li>\n<\/ul>\n<\/div>\n<\/div>\n<\/div>\n<\/div>\n\n\n\n<p><\/p>\n","protected":false},"excerpt":{"rendered":"<p>Diagnostique \u00c0 partir de 25$ *le montant sera rembours\u00e9 si les r\u00e9parations sont entreprises Configuration d&rsquo;un nouvel appareil \u00c0 partir de 50$ Installation de syt\u00e8me d&rsquo;exploitation \u00c0 partir de 65$ Transfert de donn\u00e9es \u00c0 partir de 15$ Assemblage d&rsquo;un ordinateur sur mesure \u00c0 partir de 80$ R\u00e9paration\/remplacement de pi\u00e8ces co\u00fbt initial de 20$ Taux horaire &hellip; <\/p>\n<p class=\"link-more\"><a href=\"http:\/\/vp-tech.ca\/?page_id=2\" class=\"more-link\">Continuer la lecture<span class=\"screen-reader-text\"> de &laquo; Mes services &raquo;<\/span><\/a><\/p>\n","protected":false},"author":1,"featured_media":0,"parent":0,"menu_order":0,"comment_status":"closed","ping_status":"open","template":"","meta":{"footnotes":""},"class_list":["post-2","page","type-page","status-publish","hentry"],"_links":{"self":[{"href":"http:\/\/vp-tech.ca\/index.php?rest_route=\/wp\/v2\/pages\/2","targetHints":{"allow":["GET"]}}],"collection":[{"href":"http:\/\/vp-tech.ca\/index.php?rest_route=\/wp\/v2\/pages"}],"about":[{"href":"http:\/\/vp-tech.ca\/index.php?rest_route=\/wp\/v2\/types\/page"}],"author":[{"embeddable":true,"href":"http:\/\/vp-tech.ca\/index.php?rest_route=\/wp\/v2\/users\/1"}],"replies":[{"embeddable":true,"href":"http:\/\/vp-tech.ca\/index.php?rest_route=%2Fwp%2Fv2%2Fcomments&post=2"}],"version-history":[{"count":18,"href":"http:\/\/vp-tech.ca\/index.php?rest_route=\/wp\/v2\/pages\/2\/revisions"}],"predecessor-version":[{"id":223,"href":"http:\/\/vp-tech.ca\/index.php?rest_route=\/wp\/v2\/pages\/2\/revisions\/223"}],"wp:attachment":[{"href":"http:\/\/vp-tech.ca\/index.php?rest_route=%2Fwp%2Fv2%2Fmedia&parent=2"}],"curies":[{"name":"wp","href":"https:\/\/api.w.org\/{rel}","templated":true}]}}