{"id":28,"date":"2024-01-22T10:30:43","date_gmt":"2024-01-22T15:30:43","guid":{"rendered":"http:\/\/vp-tech.ca\/?page_id=28"},"modified":"2024-03-05T01:25:30","modified_gmt":"2024-03-05T06:25:30","slug":"accueil","status":"publish","type":"page","link":"http:\/\/vp-tech.ca\/","title":{"rendered":"Accueil"},"content":{"rendered":"\n<p>Bienvenue sur VP Tech. <\/p>\n\n\n\n<p>On offre des services de r\u00e9paration d\u2019ordinateur allant de la r\u00e9solution des probl\u00e8mes mat\u00e9riels tels que les pannes de mat\u00e9riel, les remplacements de composants et les mises \u00e0 niveau, \u00e0 la r\u00e9solution des probl\u00e8mes logiciels tels que les virus, les erreurs syst\u00e8me et les conflits de logiciels<\/p>\n\n\n\n<p><\/p>\n\n\n\n<p><\/p>\n","protected":false},"excerpt":{"rendered":"<p>Bienvenue sur VP Tech. On offre des services de r\u00e9paration d\u2019ordinateur allant de la r\u00e9solution des probl\u00e8mes mat\u00e9riels tels que les pannes de mat\u00e9riel, les remplacements de composants et les mises \u00e0 niveau, \u00e0 la r\u00e9solution des probl\u00e8mes logiciels tels que les virus, les erreurs syst\u00e8me et les conflits de logiciels<\/p>\n","protected":false},"author":1,"featured_media":0,"parent":0,"menu_order":0,"comment_status":"closed","ping_status":"closed","template":"","meta":{"footnotes":""},"class_list":["post-28","page","type-page","status-publish","hentry"],"_links":{"self":[{"href":"http:\/\/vp-tech.ca\/index.php?rest_route=\/wp\/v2\/pages\/28","targetHints":{"allow":["GET"]}}],"collection":[{"href":"http:\/\/vp-tech.ca\/index.php?rest_route=\/wp\/v2\/pages"}],"about":[{"href":"http:\/\/vp-tech.ca\/index.php?rest_route=\/wp\/v2\/types\/page"}],"author":[{"embeddable":true,"href":"http:\/\/vp-tech.ca\/index.php?rest_route=\/wp\/v2\/users\/1"}],"replies":[{"embeddable":true,"href":"http:\/\/vp-tech.ca\/index.php?rest_route=%2Fwp%2Fv2%2Fcomments&post=28"}],"version-history":[{"count":5,"href":"http:\/\/vp-tech.ca\/index.php?rest_route=\/wp\/v2\/pages\/28\/revisions"}],"predecessor-version":[{"id":136,"href":"http:\/\/vp-tech.ca\/index.php?rest_route=\/wp\/v2\/pages\/28\/revisions\/136"}],"wp:attachment":[{"href":"http:\/\/vp-tech.ca\/index.php?rest_route=%2Fwp%2Fv2%2Fmedia&parent=28"}],"curies":[{"name":"wp","href":"https:\/\/api.w.org\/{rel}","templated":true}]}}