{"id":29,"date":"2024-01-22T10:30:43","date_gmt":"2024-01-22T15:30:43","guid":{"rendered":"http:\/\/vp-tech.ca\/?page_id=29"},"modified":"2024-03-26T12:30:58","modified_gmt":"2024-03-26T16:30:58","slug":"a-propos-de","status":"publish","type":"page","link":"http:\/\/vp-tech.ca\/?page_id=29","title":{"rendered":"\u00c0 propos de moi"},"content":{"rendered":"\n<div class=\"wp-block-columns is-layout-flex wp-container-core-columns-is-layout-9d6595d7 wp-block-columns-is-layout-flex\">\n<div class=\"wp-block-column is-layout-flow wp-block-column-is-layout-flow\">\n<figure class=\"wp-block-image size-full is-resized\"><img loading=\"lazy\" decoding=\"async\" width=\"1773\" height=\"1330\" src=\"http:\/\/vp-tech.ca\/wp-content\/uploads\/2024\/03\/20230123_153959.jpg\" alt=\"\" class=\"wp-image-125\" style=\"width:320px;height:auto\"\/><\/figure>\n<\/div>\n\n\n\n<div class=\"wp-block-column is-layout-flow wp-block-column-is-layout-flow\">\n<h1 class=\"wp-block-heading\"><strong>Vincent Gari\u00e9py<\/strong><\/h1>\n\n\n\n<div class=\"wp-block-buttons is-layout-flex wp-block-buttons-is-layout-flex\">\n<div class=\"wp-block-button\"><a class=\"wp-block-button__link wp-element-button\" href=\"https:\/\/www.linkedin.com\/in\/vincent-gari%C3%A9py-9900522b5\/\" target=\"_blank\" rel=\"noreferrer noopener\">LinkedIn<\/a><\/div>\n<\/div>\n<\/div>\n<\/div>\n\n\n\n<hr class=\"wp-block-separator has-alpha-channel-opacity is-style-wide\"\/>\n\n\n\n<p>Bonjour et bienvenue sur ma page ! Je suis Vincent Gari\u00e9py, un passionn\u00e9 de technologie et d\u2019informatique. Depuis mon plus jeune \u00e2ge, j\u2019ai \u00e9t\u00e9 fascin\u00e9 par les possibilit\u00e9s infinies offertes par la technologie informatique. C\u2019est cette passion qui m\u2019a pouss\u00e9 \u00e0 entreprendre des \u00e9tudes approfondies dans le domaine de l\u2019informatique.<\/p>\n\n\n\n<p>J\u2019entreprends Mes \u00e9tudes au c\u00e9gep \u00c9douard-Montpetit o\u00f9 je me sp\u00e9cialise dans la r\u00e9seautique, la gestion de serveur et la cybers\u00e9curit\u00e9.<\/p>\n\n\n\n<p>En tant que technicien informatique, je m\u2019engage \u00e0 fournir un service de qualit\u00e9 sup\u00e9rieure \u00e0 chacun de mes clients. Ma mission est de simplifier leur exp\u00e9rience informatique en leur offrant des solutions sur mesure adapt\u00e9es \u00e0 leurs besoins sp\u00e9cifiques.<\/p>\n\n\n\n<p>N\u2019h\u00e9sitez pas \u00e0 me contacter pour discuter de vos besoins informatiques ou pour en savoir plus sur les services que je propose. Je serais ravi de vous aider \u00e0 tirer le meilleur parti de la technologie pour atteindre vos objectifs.<\/p>\n\n\n\n<div class=\"wp-block-buttons is-layout-flex wp-block-buttons-is-layout-flex\"><\/div>\n","protected":false},"excerpt":{"rendered":"<p>Vincent Gari\u00e9py Bonjour et bienvenue sur ma page ! Je suis Vincent Gari\u00e9py, un passionn\u00e9 de technologie et d\u2019informatique. Depuis mon plus jeune \u00e2ge, j\u2019ai \u00e9t\u00e9 fascin\u00e9 par les possibilit\u00e9s infinies offertes par la technologie informatique. C\u2019est cette passion qui m\u2019a pouss\u00e9 \u00e0 entreprendre des \u00e9tudes approfondies dans le domaine de l\u2019informatique. J\u2019entreprends Mes \u00e9tudes &hellip; <\/p>\n<p class=\"link-more\"><a href=\"http:\/\/vp-tech.ca\/?page_id=29\" class=\"more-link\">Continuer la lecture<span class=\"screen-reader-text\"> de &laquo; \u00c0 propos de moi &raquo;<\/span><\/a><\/p>\n","protected":false},"author":1,"featured_media":0,"parent":0,"menu_order":0,"comment_status":"closed","ping_status":"closed","template":"","meta":{"footnotes":""},"class_list":["post-29","page","type-page","status-publish","hentry"],"_links":{"self":[{"href":"http:\/\/vp-tech.ca\/index.php?rest_route=\/wp\/v2\/pages\/29","targetHints":{"allow":["GET"]}}],"collection":[{"href":"http:\/\/vp-tech.ca\/index.php?rest_route=\/wp\/v2\/pages"}],"about":[{"href":"http:\/\/vp-tech.ca\/index.php?rest_route=\/wp\/v2\/types\/page"}],"author":[{"embeddable":true,"href":"http:\/\/vp-tech.ca\/index.php?rest_route=\/wp\/v2\/users\/1"}],"replies":[{"embeddable":true,"href":"http:\/\/vp-tech.ca\/index.php?rest_route=%2Fwp%2Fv2%2Fcomments&post=29"}],"version-history":[{"count":12,"href":"http:\/\/vp-tech.ca\/index.php?rest_route=\/wp\/v2\/pages\/29\/revisions"}],"predecessor-version":[{"id":205,"href":"http:\/\/vp-tech.ca\/index.php?rest_route=\/wp\/v2\/pages\/29\/revisions\/205"}],"wp:attachment":[{"href":"http:\/\/vp-tech.ca\/index.php?rest_route=%2Fwp%2Fv2%2Fmedia&parent=29"}],"curies":[{"name":"wp","href":"https:\/\/api.w.org\/{rel}","templated":true}]}}